{"id":2455,"date":"2025-04-11T13:55:41","date_gmt":"2025-04-11T13:55:41","guid":{"rendered":"https:\/\/starsvalley.de\/fr\/?page_id=2455"},"modified":"2025-04-15T05:48:46","modified_gmt":"2025-04-15T05:48:46","slug":"en-savoir-plus-comment-fonctionne-stars-valley","status":"publish","type":"page","link":"https:\/\/starsvalley.de\/fr\/en-savoir-plus-comment-fonctionne-stars-valley\/","title":{"rendered":"En savoir plus Comment fonctionne Stars Valley"},"content":{"rendered":"\t\t<div data-elementor-type=\"wp-page\" data-elementor-id=\"2455\" class=\"elementor elementor-2455\">\n\t\t\t\t\t\t<section class=\"elementor-section elementor-top-section elementor-element elementor-element-98491ad elementor-section-content-middle elementor-section-full_width elementor-section-height-default elementor-section-height-default\" data-id=\"98491ad\" data-element_type=\"section\" data-e-type=\"section\" data-settings=\"{&quot;background_background&quot;:&quot;classic&quot;}\">\n\t\t\t\t\t\t<div class=\"elementor-container elementor-column-gap-no\">\n\t\t\t\t\t<div class=\"elementor-column elementor-col-100 elementor-top-column elementor-element elementor-element-ccbae7f\" data-id=\"ccbae7f\" data-element_type=\"column\" data-e-type=\"column\">\n\t\t\t<div class=\"elementor-widget-wrap elementor-element-populated\">\n\t\t\t\t\t\t<div class=\"elementor-element elementor-element-ff5e288 elementor-widget elementor-widget-text-editor\" data-id=\"ff5e288\" data-element_type=\"widget\" data-e-type=\"widget\" data-widget_type=\"text-editor.default\">\n\t\t\t\t<div class=\"elementor-widget-container\">\n\t\t\t\t\t\t\t\t\t<h2 style=\"text-align: center;\"><span style=\"color: #ffffff;\">En savoir plus<\/span><\/h2><h3><span style=\"color: #ffffff;\">Comment fonctionne Stars Valley<\/span><\/h3><p><span style=\"color: #ffffff;\">Stars Valley est un \u00e9cosyst\u00e8me strat\u00e9gique sp\u00e9cialis\u00e9 dans les interfaces de l&#8217;intelligence de march\u00e9, de la promotion des talents et de la transformation \u00e9conomique. <\/span><br \/><span style=\"color: #ffffff;\">Enracin\u00e9 dans l&#8217;expertise de ProcureMe (ax\u00e9 sur l&#8217;\u00e9conomie de l&#8217;innovation et les strat\u00e9gies d&#8217;ap-provisionnement) et de People Agency (strat\u00e9-gies de talents, capital humain et leadership), Stars Valley combine la pens\u00e9e analytique avec la force d&#8217;ex\u00e9cution op\u00e9rationnelle. Il agit comme un catalyseur pour le d\u00e9veloppement r\u00e9gional, la croissance entrepreneuriale et la prospective strat\u00e9gique. <\/span><br \/><span style=\"color: #ffffff;\">Les cinq offres principales constituent les piliers de Stars Valley :<\/span><\/p><h3><span style=\"color: #ffffff;\">1. Opportunit\u00e9s de d\u00e9veloppement<\/span><\/h3><p><span style=\"color: #ffffff;\">Nous identifions les potentiels avant qu&#8217;ils ne deviennent des tendances.<\/span><\/p><p><span style=\"color: #ffffff;\"><strong>Stars Valley analyse en continu :<\/strong> <\/span><\/p><ul><li><span style=\"color: #ffffff;\">Les tendances industrielles, les nouvelles cha\u00eenes de valeur et les technologies disruptives<\/span><\/li><li><span style=\"color: #ffffff;\">Les trajectoires de croissance r\u00e9gionales en met-tant l&#8217;accent sur les secteurs d&#8217;avenir (par exem-ple, les technologies vertes, l&#8217;IA, le nouveau spatial, la bio\u00e9conomie)<\/span><\/li><li><span style=\"color: #ffffff;\">Les macro- et micro-dynamiques qui influencent les d\u00e9cisions d&#8217;in-vestissement et les d\u00e9-veloppements de sites<\/span><\/li><\/ul><p><span style=\"color: #ffffff;\"><strong>Objectif :<\/strong> Identification et activation pr\u00e9coces des opportunit\u00e9s \u00e9conomiques \u2013 pour les entre-prises, les municipalit\u00e9s et les p\u00f4les d&#8217;innovation.<\/span><\/p><h3><span style=\"color: #ffffff;\">2. Conceptions de la pens\u00e9e Stars Valley<\/span><\/h3><p><span style=\"color: #ffffff;\">Construit des mod\u00e8les de pens\u00e9e pour un monde complexe.<\/span><\/p><p><span style=\"color: #ffffff;\"><strong>Nous concevons :<\/strong> <\/span><\/p><ul><li><span style=\"color: #ffffff;\">Des r\u00e9cits et des sc\u00e9narios d&#8217;avenir qui facilitent le d\u00e9veloppement de strat\u00e9gies <\/span><\/li><li><span style=\"color: #ffffff;\">Des cadres th\u00e9oriques pour la pens\u00e9e syst\u00e9mique dans l&#8217;\u00e9conomie, la soci\u00e9t\u00e9 et la technologie <\/span><\/li><li><span style=\"color: #ffffff;\">Des formats narratifs qui favorisent le dialogue strat\u00e9gique \u2013 par exemple, dans les conseils d&#8217;administration, les minist\u00e8res ou les ateliers d&#8217;innovation <\/span><\/li><\/ul><p><span style=\"color: #ffffff;\"><strong>Objectif :<\/strong> Orientation en p\u00e9riode de transformation \u2013 gr\u00e2ce \u00e0 une profondeur intellectuelle et de nouvelles perspectives.<\/span><\/p><h3><span style=\"color: #ffffff;\">3. D\u00e9finitions de strat\u00e9gies <\/span><\/h3><p><span style=\"color: #ffffff;\">De l&#8217;id\u00e9e \u00e0 la mise en \u0153uvre \u2013 ensemble avec les d\u00e9cideurs, <\/span><\/p><p><span style=\"color: #ffffff;\"><strong>nous d\u00e9veloppons :<\/strong> <\/span><\/p><ul><li><span style=\"color: #ffffff;\">Des strat\u00e9gies sp\u00e9cifiques aux sites pour le posi-tionnement \u00e9conomique <\/span><\/li><li><span style=\"color: #ffffff;\">Des mesures pour la r\u00e9silience des cha\u00eenes d&#8217;ap-provisionnement et des infrastructures <\/span><\/li><li><span style=\"color: #ffffff;\">Des plans pour la transition vers des syst\u00e8mes d&#8217;\u00e9nergie et de mobilit\u00e9 durables <\/span><\/li><li><span style=\"color: #ffffff;\">Des mod\u00e8les de strat\u00e9gies pour les r\u00e9gions, les entreprises et les institutions <\/span><\/li><\/ul><p><span style=\"color: #ffffff;\"><strong>Objectif :<\/strong> Des strat\u00e9gies r\u00e9alisables qui com-binent la puissance \u00e9conomique, la capacit\u00e9 d&#8217;innovation et la durabilit\u00e9.<\/span><\/p><h3><span style=\"color: #ffffff;\">4. D\u00e9veloppement des connaissances<\/span><\/h3><p><span style=\"color: #ffffff;\">Le savoir n&#8217;est pas une fin en soi, mais une base de d\u00e9cision.<\/span><\/p><p><span style=\"color: #ffffff;\"><strong>Stars Valley cr\u00e9e :<\/strong><\/span><\/p><ul><li><span style=\"color: #ffffff;\">Des rapports d&#8217;avenir approfondis qui mettent en lumi\u00e8re de nouvelles r\u00e9alit\u00e9s \u00e9conomiques<\/span><\/li><li><span style=\"color: #ffffff;\">Des analyses de march\u00e9 avec une pertinence concr\u00e8te pour la mise en \u0153uvre<\/span><\/li><li><span style=\"color: #ffffff;\">Des livres blancs, des dossiers et des rapports d&#8217;indicateurs pour les d\u00e9cideurs \u00e9conomiques, politiques et sociaux <\/span><\/li><\/ul><p><span style=\"color: #ffffff;\"><strong>Objectif :<\/strong> Des connaissances scientifiquement fond\u00e9es et pertinentes pour la pratique \u2013 com-pr\u00e9hensibles, concises et ax\u00e9es sur l&#8217;impact.<\/span><\/p><h3><span style=\"color: #ffffff;\">5. Production de savoir-faire<\/span><\/h3><p><span style=\"color: #ffffff;\">Nous mettons le savoir en application.<\/span><\/p><p><span style=\"color: #ffffff;\"><strong>Nos formats :<\/strong> <\/span><\/p><ul><li><span style=\"color: #ffffff;\">Des formations interactives sur la strat\u00e9gie, l&#8217;in-novation et une \u00e9conomie durable <\/span><\/li><li><span style=\"color: #ffffff;\">Des ateliers pour les promoteurs \u00e9conomiques, les dirigeants d&#8217;entreprise et les talents <\/span><\/li><li><span style=\"color: #ffffff;\">Des \u00e9tudes de cas issues des meilleures pratiques internationales <\/span><\/li><li><span style=\"color: #ffffff;\">Des guides et des bo\u00eetes \u00e0 outils qui facilitent la mise en \u0153uvre <\/span><\/li><\/ul><p><span style=\"color: #ffffff;\"><strong>Objectif :<\/strong> D\u00e9velopper les comp\u00e9tences, permet-tre l&#8217;action, d\u00e9ployer l&#8217;impact. Stars Valley \u2013 L\u00e0 o\u00f9 le savoir, la strat\u00e9gie et l&#8217;avenir s&#8217;entrem\u00ealent.<\/span><\/p>\t\t\t\t\t\t\t\t<\/div>\n\t\t\t\t<\/div>\n\t\t\t\t\t<\/div>\n\t\t<\/div>\n\t\t\t\t\t<\/div>\n\t\t<\/section>\n\t\t\t\t<\/div>\n\t\t","protected":false},"excerpt":{"rendered":"<p>En savoir plus Comment fonctionne Stars Valley Stars Valley est un \u00e9cosyst\u00e8me strat\u00e9gique sp\u00e9cialis\u00e9 dans les interfaces de l&#8217;intelligence de march\u00e9, de la promotion des talents et de la transformation \u00e9conomique. Enracin\u00e9 dans l&#8217;expertise de ProcureMe (ax\u00e9 sur l&#8217;\u00e9conomie de l&#8217;innovation et les strat\u00e9gies d&#8217;ap-provisionnement) et de People Agency (strat\u00e9-gies de talents, capital humain et [&hellip;]<\/p>\n","protected":false},"author":1,"featured_media":0,"parent":0,"menu_order":0,"comment_status":"closed","ping_status":"closed","template":"elementor_header_footer","meta":{"_acf_changed":false,"_monsterinsights_skip_tracking":false,"_monsterinsights_sitenote_active":false,"_monsterinsights_sitenote_note":"","_monsterinsights_sitenote_category":0,"footnotes":""},"class_list":["post-2455","page","type-page","status-publish","hentry"],"acf":[],"aioseo_notices":[],"_links":{"self":[{"href":"https:\/\/starsvalley.de\/fr\/wp-json\/wp\/v2\/pages\/2455","targetHints":{"allow":["GET"]}}],"collection":[{"href":"https:\/\/starsvalley.de\/fr\/wp-json\/wp\/v2\/pages"}],"about":[{"href":"https:\/\/starsvalley.de\/fr\/wp-json\/wp\/v2\/types\/page"}],"author":[{"embeddable":true,"href":"https:\/\/starsvalley.de\/fr\/wp-json\/wp\/v2\/users\/1"}],"replies":[{"embeddable":true,"href":"https:\/\/starsvalley.de\/fr\/wp-json\/wp\/v2\/comments?post=2455"}],"version-history":[{"count":8,"href":"https:\/\/starsvalley.de\/fr\/wp-json\/wp\/v2\/pages\/2455\/revisions"}],"predecessor-version":[{"id":2481,"href":"https:\/\/starsvalley.de\/fr\/wp-json\/wp\/v2\/pages\/2455\/revisions\/2481"}],"wp:attachment":[{"href":"https:\/\/starsvalley.de\/fr\/wp-json\/wp\/v2\/media?parent=2455"}],"curies":[{"name":"wp","href":"https:\/\/api.w.org\/{rel}","templated":true}]}}