{"id":1996,"date":"2023-09-05T12:22:35","date_gmt":"2023-09-05T12:22:35","guid":{"rendered":"https:\/\/procureme.de\/?page_id=1996"},"modified":"2025-04-15T05:42:39","modified_gmt":"2025-04-15T05:42:39","slug":"decouvrir-brya-cosmos","status":"publish","type":"page","link":"https:\/\/starsvalley.de\/fr\/decouvrir-brya-cosmos\/","title":{"rendered":"D\u00e9couvrir Brya Cosmos"},"content":{"rendered":"\t\t<div data-elementor-type=\"wp-page\" data-elementor-id=\"1996\" class=\"elementor elementor-1996\">\n\t\t\t\t\t\t<section class=\"elementor-section elementor-top-section elementor-element elementor-element-4c54cb3 elementor-section-content-middle elementor-section-full_width elementor-section-height-default elementor-section-height-default\" data-id=\"4c54cb3\" data-element_type=\"section\" data-e-type=\"section\" data-settings=\"{&quot;background_background&quot;:&quot;classic&quot;}\">\n\t\t\t\t\t\t<div class=\"elementor-container elementor-column-gap-no\">\n\t\t\t\t\t<div class=\"elementor-column elementor-col-50 elementor-top-column elementor-element elementor-element-826123a mx-auto mx-lg-0\" data-id=\"826123a\" data-element_type=\"column\" data-e-type=\"column\">\n\t\t\t<div class=\"elementor-widget-wrap elementor-element-populated\">\n\t\t\t\t\t\t<div class=\"elementor-element elementor-element-1cc18e4 elementor-widget elementor-widget-image\" data-id=\"1cc18e4\" data-element_type=\"widget\" data-e-type=\"widget\" data-widget_type=\"image.default\">\n\t\t\t\t<div class=\"elementor-widget-container\">\n\t\t\t\t\t\t\t\t\t\t\t\t\t\t\t<img fetchpriority=\"high\" decoding=\"async\" width=\"640\" height=\"960\" src=\"https:\/\/starsvalley.de\/fr\/wp-content\/uploads\/2025\/04\/ChatGPT-Image-Apr-11-2025-03_15_53-PM-683x1024.webp\" class=\"attachment-large size-large wp-image-2447\" alt=\"Brya Kosmos Entdecken\" srcset=\"https:\/\/starsvalley.de\/fr\/wp-content\/uploads\/2025\/04\/ChatGPT-Image-Apr-11-2025-03_15_53-PM-683x1024.webp 683w, https:\/\/starsvalley.de\/fr\/wp-content\/uploads\/2025\/04\/ChatGPT-Image-Apr-11-2025-03_15_53-PM-200x300.webp 200w, https:\/\/starsvalley.de\/fr\/wp-content\/uploads\/2025\/04\/ChatGPT-Image-Apr-11-2025-03_15_53-PM-768x1152.webp 768w, https:\/\/starsvalley.de\/fr\/wp-content\/uploads\/2025\/04\/ChatGPT-Image-Apr-11-2025-03_15_53-PM.webp 1024w\" sizes=\"(max-width: 640px) 100vw, 640px\" \/>\t\t\t\t\t\t\t\t\t\t\t\t\t\t\t<\/div>\n\t\t\t\t<\/div>\n\t\t\t\t<div class=\"elementor-element elementor-element-2e0de17 elementor-widget__width-auto elementor-absolute elementor-widget elementor-widget-image\" data-id=\"2e0de17\" data-element_type=\"widget\" data-e-type=\"widget\" data-settings=\"{&quot;_position&quot;:&quot;absolute&quot;}\" data-widget_type=\"image.default\">\n\t\t\t\t<div class=\"elementor-widget-container\">\n\t\t\t\t\t\t\t\t\t\t\t\t\t\t\t<img decoding=\"async\" width=\"141\" height=\"141\" src=\"https:\/\/starsvalley.de\/fr\/wp-content\/uploads\/2023\/09\/h4_banner_shape003.png\" class=\"attachment-full size-full wp-image-1364\" alt=\"\" \/>\t\t\t\t\t\t\t\t\t\t\t\t\t\t\t<\/div>\n\t\t\t\t<\/div>\n\t\t\t\t<div class=\"elementor-element elementor-element-cea181e elementor-widget__width-auto elementor-absolute elementor-hidden-mobile elementor-widget elementor-widget-image\" data-id=\"cea181e\" data-element_type=\"widget\" data-e-type=\"widget\" data-settings=\"{&quot;_position&quot;:&quot;absolute&quot;}\" data-widget_type=\"image.default\">\n\t\t\t\t<div class=\"elementor-widget-container\">\n\t\t\t\t\t\t\t\t\t\t\t\t\t\t\t<img decoding=\"async\" width=\"108\" height=\"112\" src=\"https:\/\/starsvalley.de\/fr\/wp-content\/uploads\/2023\/08\/h2_about_shape01.png\" class=\"attachment-full size-full wp-image-190\" alt=\"\" \/>\t\t\t\t\t\t\t\t\t\t\t\t\t\t\t<\/div>\n\t\t\t\t<\/div>\n\t\t\t\t\t<\/div>\n\t\t<\/div>\n\t\t\t\t<div class=\"elementor-column elementor-col-50 elementor-top-column elementor-element elementor-element-399a6bb\" data-id=\"399a6bb\" data-element_type=\"column\" data-e-type=\"column\">\n\t\t\t<div class=\"elementor-widget-wrap elementor-element-populated\">\n\t\t\t\t\t\t<div class=\"elementor-element elementor-element-f127062 elementor-widget elementor-widget-text-editor\" data-id=\"f127062\" data-element_type=\"widget\" data-e-type=\"widget\" data-widget_type=\"text-editor.default\">\n\t\t\t\t<div class=\"elementor-widget-container\">\n\t\t\t\t\t\t\t\t\t<h3 style=\"text-align: center;\"><span style=\"color: #ffffff;\">D\u00e9couvrir Brya Cosmos<\/span><\/h3><p><span style=\"color: #ffffff;\"><strong><span style=\"font-size: 14pt;\">Solutions de r\u00e9seau bidirectionnelles<\/span><\/strong><\/span><br \/><span style=\"color: #ffffff;\">Bienvenue chez Brya Cosmos, votre porte d&#8217;entr\u00e9e vers des solutions d&#8217;approvisionnement efficaces et connect\u00e9es en Allemagne. <\/span><br \/><span style=\"color: #ffffff;\">En tant que membre de Stars Valley &#8211; Made for Germany &#8211; ProcureMe Solutions, nous proposons des services sur mesure, sp\u00e9cialement adapt\u00e9s aux exigences du march\u00e9 allemand.<\/span><\/p><p><span style=\"font-size: 14pt; color: #ffffff;\"><strong>Nos solutions de r\u00e9seau bidirectionnelles<\/strong> <\/span><br \/><span style=\"color: #ffffff;\">Chez Brya Cosmos, nous sommes synonymes de solutions de r\u00e9seau bidirectionnelles innovantes qui permettent aux entreprises d&#8217;optimiser leurs processus d&#8217;approvisionnement et de d\u00e9couvrir de nouvelles opportunit\u00e9s commerciales. <\/span><br \/><span style=\"color: #ffffff;\">plateforme favorise une connexion fluide entre les fournisseurs et les acheteurs, bas\u00e9e sur la confiance, l&#8217;efficacit\u00e9 et la transparence.<\/span><\/p><p><span style=\"color: #ffffff;\"><strong><span style=\"font-size: 14pt;\">Pour les fournisseurs<\/span><\/strong> <\/span><br \/><span style=\"color: #ffffff;\"><strong>Port\u00e9e \u00e9tendue :<\/strong> Atteignez de nouveaux march\u00e9s et des clients potentiels en Allemagne. <\/span><br \/><span style=\"color: #ffffff;\"><strong>Approvisionnement efficace :<\/strong> Optimisez vos strat\u00e9gies de vente et augmentez vos revenus gr\u00e2ce \u00e0 un acc\u00e8s direct \u00e0 des acheteurs qualifi\u00e9s. <\/span><br \/><span style=\"color: #ffffff;\"><strong>Plateforme transparente :<\/strong> Profitez d&#8217;une plateforme transparente qui encourage des pratiques commerciales \u00e9quitables et vous aide \u00e0 commercialiser vos produits avec succ\u00e8s.<\/span><\/p><p><span style=\"color: #ffffff;\"><strong><span style=\"font-size: 14pt;\">Pour les acheteurs<\/span><\/strong> <\/span><br \/><span style=\"color: #ffffff;\"><strong>S\u00e9lection vari\u00e9e :<\/strong> D\u00e9couvrez une multitude de fournisseurs et de produits de qualit\u00e9 contr\u00f4l\u00e9e qui r\u00e9pondent \u00e0 vos besoins. <\/span><br \/><span style=\"color: #ffffff;\"><strong>Solutions sur mesure :<\/strong> Trouvez des solutions d&#8217;approvisionnement personnalis\u00e9es qui soutiennent vos objectifs commerciaux et augmentent votre efficacit\u00e9. <\/span><br \/><span style=\"color: #ffffff;\"><strong>Partenariats de confiance :<\/strong> \u00c9tablissez des partenariats \u00e0 long terme avec des fournisseurs fiables et profitez de prix et de services comp\u00e9titifs.<\/span><\/p><p><span style=\"color: #ffffff;\"><strong><span style=\"font-size: 14pt;\">Pourquoi choisir Brya Cosmos ?<\/span><\/strong> <\/span><br \/><span style=\"color: #ffffff;\">Brya Cosmos est plus qu&#8217;une plateforme de solutions d&#8217;approvisionnement. Nous sommes votre partenaire strat\u00e9gique pour une croissance durable et des relations commerciales fructueuses en Allemagne. Notre expertise dans la mise en relation de solutions de r\u00e9seau bidirectionnelles fait de nous le choix optimal pour les entreprises qui souhaitent renforcer leur comp\u00e9titivit\u00e9 et explorer des voies de collaboration innovantes.<\/span><\/p><p><span style=\"color: #ffffff;\">B\u00e9n\u00e9fices pour l&#8217;Alg\u00e9rie et l&#8217;\u00e9lan ascendant actif pour le corridor Berlin-Alger <\/span><br \/><span style=\"color: #ffffff;\">Pour l&#8217;Alg\u00e9rie, cette approche tourn\u00e9e vers l&#8217;avenir signifie bien plus qu&#8217;une coop\u00e9ration \u00e9conomique. Elle ouvre la voie \u00e0 un d\u00e9veloppement durable, \u00e0 l&#8217;innovation technologique et \u00e0 une nouvelle g\u00e9n\u00e9ration de jeunes talents qui pensent globalement et agissent localement. La combinaison de la r\u00e9silience, de l&#8217;adaptabilit\u00e9 alg\u00e9rienne et de la pr\u00e9cision allemande constitue l&#8217;\u00e9pine dorsale de ce corridor strat\u00e9gique. Gr\u00e2ce \u00e0 une approche ascendante active \u2013 port\u00e9e par des communaut\u00e9s engag\u00e9es, des start-ups, des \u00e9tablissements d&#8217;enseignement et des initiatives de la soci\u00e9t\u00e9 civile \u2013 une plateforme vivante se cr\u00e9e, o\u00f9 les id\u00e9es, les valeurs et les solutions croissent ensemble. Non pas ordonn\u00e9 d&#8217;en haut, mais construit de bas en haut.<\/span><\/p><p><span style=\"color: #ffffff;\">Le corridor Berlin-Alger devient ainsi un mod\u00e8le de coop\u00e9ration transcontinentale : humaine, inclusive et tourn\u00e9e vers l&#8217;avenir \u2013 avec l&#8217;Alg\u00e9rie comme moteur et co-cr\u00e9ateur d&#8217;un monde plus juste et connect\u00e9.<\/span><\/p><p><span style=\"color: #ffffff;\">D\u00e9couvrez les possibilit\u00e9s infinies de Brya Cosmos et fa\u00e7onnez d\u00e8s aujourd&#8217;hui l&#8217;avenir de vos strat\u00e9gies d&#8217;approvisionnement.<\/span><\/p><p><span style=\"color: #ffffff;\">Contactez-nous pour en savoir plus sur la mani\u00e8re dont nous pouvons soutenir le d\u00e9veloppement de votre entreprise.<\/span><\/p>\t\t\t\t\t\t\t\t<\/div>\n\t\t\t\t<\/div>\n\t\t\t\t\t<\/div>\n\t\t<\/div>\n\t\t\t\t\t<\/div>\n\t\t<\/section>\n\t\t\t\t<\/div>\n\t\t","protected":false},"excerpt":{"rendered":"<p>D\u00e9couvrir Brya Cosmos Solutions de r\u00e9seau bidirectionnellesBienvenue chez Brya Cosmos, votre porte d&#8217;entr\u00e9e vers des solutions d&#8217;approvisionnement efficaces et connect\u00e9es en Allemagne. En tant que membre de Stars Valley &#8211; Made for Germany &#8211; ProcureMe Solutions, nous proposons des services sur mesure, sp\u00e9cialement adapt\u00e9s aux exigences du march\u00e9 allemand. Nos solutions de r\u00e9seau bidirectionnelles Chez [&hellip;]<\/p>\n","protected":false},"author":1,"featured_media":0,"parent":0,"menu_order":0,"comment_status":"closed","ping_status":"closed","template":"elementor_header_footer","meta":{"_acf_changed":false,"_monsterinsights_skip_tracking":false,"_monsterinsights_sitenote_active":false,"_monsterinsights_sitenote_note":"","_monsterinsights_sitenote_category":0,"footnotes":""},"class_list":["post-1996","page","type-page","status-publish","hentry"],"acf":[],"aioseo_notices":[],"_links":{"self":[{"href":"https:\/\/starsvalley.de\/fr\/wp-json\/wp\/v2\/pages\/1996","targetHints":{"allow":["GET"]}}],"collection":[{"href":"https:\/\/starsvalley.de\/fr\/wp-json\/wp\/v2\/pages"}],"about":[{"href":"https:\/\/starsvalley.de\/fr\/wp-json\/wp\/v2\/types\/page"}],"author":[{"embeddable":true,"href":"https:\/\/starsvalley.de\/fr\/wp-json\/wp\/v2\/users\/1"}],"replies":[{"embeddable":true,"href":"https:\/\/starsvalley.de\/fr\/wp-json\/wp\/v2\/comments?post=1996"}],"version-history":[{"count":21,"href":"https:\/\/starsvalley.de\/fr\/wp-json\/wp\/v2\/pages\/1996\/revisions"}],"predecessor-version":[{"id":2477,"href":"https:\/\/starsvalley.de\/fr\/wp-json\/wp\/v2\/pages\/1996\/revisions\/2477"}],"wp:attachment":[{"href":"https:\/\/starsvalley.de\/fr\/wp-json\/wp\/v2\/media?parent=1996"}],"curies":[{"name":"wp","href":"https:\/\/api.w.org\/{rel}","templated":true}]}}